{"id":1008,"date":"2024-01-22T14:19:52","date_gmt":"2024-01-22T13:19:52","guid":{"rendered":"https:\/\/excellenceserviceplace.com\/checkout\/"},"modified":"2024-02-15T11:57:01","modified_gmt":"2024-02-15T10:57:01","slug":"checkout","status":"publish","type":"page","link":"https:\/\/excellenceserviceplace.com\/fr\/checkout\/","title":{"rendered":"Passer commande"},"content":{"rendered":"<div class=\"wp-block-surecart-checkout-form\"><sc-checkout\n\tclass=\"checkout\"\n\tid=\"sc-checkout-1007\"\n\tstyle=\"text-align: left;--sc-form-row-spacing: 25px;\"\n\tmodified=\"2024-03-12 10:28:43\"\n\talignment=\"\"\n\tsuccess-url=\"\"\n>\n\t<sc-form>\n\t\t\t\t\t<sc-checkbox name=\"get_feedback\" value=\"Feedback\" style=\"display: none !important;\"><\/sc-checkbox>\n\t\t\t\t\n\n<div class=\"wp-block-surecart-columns is-full-height is-reversed-on-mobile has-background is-layout-flex wp-block-columns-is-layout-flex\" style=\"background-color:#f3f4f6\">\n<div class=\"wp-block-surecart-column is-vertically-aligned-center is-layout-constrained is-horizontally-aligned-right has-white-background-color has-background\" style=\"padding-top:60px;padding-right:60px;padding-bottom:60px;padding-left:60px;--sc-column-content-width:450px;--sc-form-row-spacing:30px\">\n<div class=\"wp-block-group is-content-justification-center is-nowrap is-layout-flex wp-container-core-group-is-layout-94bc23d7 wp-block-group-is-layout-flex\">\n\t\t<div style=\"padding-top:0;padding-bottom:0;padding-left:0;padding-right:0;\" class=\"wp-block-surecart-store-logo\">\n\n\t\t\t\t\t<a href=\"https:\/\/excellenceserviceplace.com\/fr\" style=\"padding-top:0;padding-bottom:0;padding-left:0;padding-right:0; rel=\"home\">\n\t\t\n\t\t\t<img\n\t\t\t\tsrc=\"https:\/\/media.surecart.com\/zluktlvymk65jt7qwwji005tfzcz\"\n\t\t\t\tstyle=\"object-fit: contain; object-position: left;width: 226px; max-width: 180px; max-height: 100px; \"\n\t\t\t\talt=\"\"\n\t\t\t\/>\n\n\t\t\t\t\t<\/a>\n\t\t\n\t\t<\/div>\n\n\t\t<\/div>\n\n\n\n<sc-checkout-form-errors><\/sc-checkout-form-errors>\n\n\n\n\t\t<sc-customer-email\n\t\t\tclass=\"\"\n\t\t\tlabel=\"Email\"\n\t\t\tplaceholder=\"your@email.com\"\t\t\t\t\t\t\t\t\t\t\t\trequired\n\t\t\tautocomplete='email'\n\t\t\tinputmode='email'\n\t\t>\n\t\t<\/sc-customer-email>\n\n\t\t\n\n\n<sc-customer-name label=\"Last Name\" placeholder=\"Your Full Name\" required class=\"wp-block-surecart-name\"><\/sc-customer-name>\n\n\n\n<sc-customer-name label=\"Name\" placeholder=\"Your Full Name\" required class=\"wp-block-surecart-name\"><\/sc-customer-name>\n\n\n\n<sc-customer-phone label=\"Phone #1\" placeholder=\"Your phone number\" required class=\"wp-block-surecart-phone\"><\/sc-customer-phone>\n\n\n\n<sc-customer-firstname label=\"Company Name\" class=\"wp-block-surecart-first-name\"><\/sc-customer-firstname>\n\n\n\n<sc-textarea label=\"Message\" maxlength=\"500\" name=\"Message\" placeholder=\"Type your message here\" size=\"medium\" value=\"\" class=\"wp-block-surecart-textarea\"><\/sc-textarea>\n\n\n\n<sc-checkbox name=\"Contact me\" value=\"off\">Je souhaite \u00eatre contact\u00e9 apr\u00e8s mon achat<\/sc-checkbox>\n\n\n\n<sc-checkbox name=\"Contact me\" value=\"off\" required>J'ai lu les Conditions G\u00e9n\u00e9rales de Vente<\/sc-checkbox>\n\n\n\n\t\t<sc-payment\n\t\t\tid=\"sc-payment-0\"\n\t\t\tclass=\"\"\n\t\t>\n\t\t\t\t\t\t\t<sc-stripe-payment-element slot=\"stripe\"><\/sc-stripe-payment-element>\n\t\t\t\n\t\t\t\t\t<\/sc-payment>\n\t\t\n\n\t\t<sc-order-submit\n\t\t\ttype=\"primary\"\n\t\t\tfull=\"true\"\n\t\t\tsize=\"large\"\n\t\t\ticon=\"lock\"\t\t\tshow-total=\"true\"\n\t\t\tsecure-notice=\"true\"\n\t\t\tsecure-notice-text=\"This is a secure, encrypted payment.\"\n\t\t\t\t\t\t\t\t\tclass=\"wp-block-surecart-submit\"\n\t\t>Commander<\/sc-order-submit>\n\t\t<\/div>\n\n\n\n<div class=\"wp-block-surecart-column is-sticky is-layout-constrained is-horizontally-aligned-left\" style=\"padding-top:60px;padding-right:60px;padding-bottom:60px;padding-left:60px;--sc-column-content-width:450px;--sc-form-row-spacing:30px\">\n<sc-order-summary collapsible=\"1\" closed-text=\"\" open-text=\"\" collapsed-on-mobile=\"1\" class=\"wp-block-surecart-totals\">\n<sc-divider><\/sc-divider>\n\n\n\n<sc-line-items removable=\"1\" editable=\"1\" class=\"wp-block-surecart-line-items\"><\/sc-line-items>\n\n\n\n<sc-divider><\/sc-divider>\n\n\n\n<sc-line-item-total total=\"subtotal\" class=\"wp-block-surecart-subtotal\"><span slot=\"description\">Sous total<\/span><span slot=\"total-payments-description\">Total Installment Payments<\/span><span slot=\"first-payment-subtotal-description\">Initial Payment<\/span><\/sc-line-item-total>\n\n\n\t\t<sc-order-coupon-form\n\t\t\tlabel=\"\"\n\t\t\tplaceholder=\"Enter coupon code\"\n\t\t\tbutton-text=\"\"\n\t\t\tcollapsed>\n\t\t<\/sc-order-coupon-form>\n\t\t\n\n\n<sc-line-item-tax class=\"wp-block-surecart-tax-line-item\"><\/sc-line-item-tax>\n\n\n\n<sc-divider><\/sc-divider>\n\n\n\n<sc-line-item-total total=\"total\" size=\"large\" show-currency=\"1\" class=\"wp-block-surecart-total\"><span slot=\"title\">Total<\/span><span slot=\"subscription-title\">Total Due Today<\/span><span slot=\"first-payment-total-description\">Sous total<\/span><span slot=\"free-trial-description\">Free Trial<\/span><span slot=\"due-amount-description\">Amount Due<\/span><\/sc-line-item-total>\n<\/sc-order-summary>\n<\/div>\n<\/div>\n\n\t<\/sc-form>\n<\/sc-checkout>\n<\/div>","protected":false},"excerpt":{"rendered":"","protected":false},"author":1,"featured_media":0,"parent":0,"menu_order":0,"comment_status":"closed","ping_status":"closed","template":"pages\/template-surecart-blank.php","meta":{"_surecart_dashboard_logo_width":"180px","_surecart_dashboard_show_logo":true,"_surecart_dashboard_navigation_orders":true,"_surecart_dashboard_navigation_invoices":true,"_surecart_dashboard_navigation_subscriptions":true,"_surecart_dashboard_navigation_downloads":true,"_surecart_dashboard_navigation_billing":true,"_surecart_dashboard_navigation_account":true,"_monsterinsights_skip_tracking":false,"_monsterinsights_sitenote_active":false,"_monsterinsights_sitenote_note":"","_monsterinsights_sitenote_category":0,"_kadence_starter_templates_imported_post":false,"_kad_post_transparent":"","_kad_post_title":"","_kad_post_layout":"","_kad_post_sidebar_id":"","_kad_post_content_style":"","_kad_post_vertical_padding":"","_kad_post_feature":"","_kad_post_feature_position":"","_kad_post_header":false,"_kad_post_footer":false,"_joinchat":[],"footnotes":""},"class_list":["post-1008","page","type-page","status-publish","hentry"],"yoast_head":"<!-- This site is optimized with the Yoast SEO plugin v27.3 - https:\/\/yoast.com\/product\/yoast-seo-wordpress\/ -->\n<title>Checkout - Excellence Service Place<\/title>\n<meta name=\"robots\" content=\"index, follow, max-snippet:-1, max-image-preview:large, max-video-preview:-1\" \/>\n<link rel=\"canonical\" href=\"https:\/\/excellenceserviceplace.com\/fr\/checkout\/\" \/>\n<meta property=\"og:locale\" content=\"fr_FR\" \/>\n<meta property=\"og:type\" content=\"article\" \/>\n<meta property=\"og:title\" content=\"Checkout - Excellence Service Place\" \/>\n<meta property=\"og:url\" content=\"https:\/\/excellenceserviceplace.com\/fr\/checkout\/\" \/>\n<meta property=\"og:site_name\" content=\"Excellence Service Place\" \/>\n<meta property=\"article:modified_time\" content=\"2024-02-15T10:57:01+00:00\" \/>\n<meta name=\"twitter:card\" content=\"summary_large_image\" \/>\n<script type=\"application\/ld+json\" class=\"yoast-schema-graph\">{\"@context\":\"https:\\\/\\\/schema.org\",\"@graph\":[{\"@type\":\"WebPage\",\"@id\":\"https:\\\/\\\/excellenceserviceplace.com\\\/checkout\\\/\",\"url\":\"https:\\\/\\\/excellenceserviceplace.com\\\/checkout\\\/\",\"name\":\"Checkout - Excellence Service Place\",\"isPartOf\":{\"@id\":\"https:\\\/\\\/excellenceserviceplace.com\\\/#website\"},\"datePublished\":\"2024-01-22T13:19:52+00:00\",\"dateModified\":\"2024-02-15T10:57:01+00:00\",\"breadcrumb\":{\"@id\":\"https:\\\/\\\/excellenceserviceplace.com\\\/checkout\\\/#breadcrumb\"},\"inLanguage\":\"fr-FR\",\"potentialAction\":[{\"@type\":\"ReadAction\",\"target\":[\"https:\\\/\\\/excellenceserviceplace.com\\\/checkout\\\/\"]}]},{\"@type\":\"BreadcrumbList\",\"@id\":\"https:\\\/\\\/excellenceserviceplace.com\\\/checkout\\\/#breadcrumb\",\"itemListElement\":[{\"@type\":\"ListItem\",\"position\":1,\"name\":\"Home\",\"item\":\"https:\\\/\\\/excellenceserviceplace.com\\\/\"},{\"@type\":\"ListItem\",\"position\":2,\"name\":\"Checkout\"}]},{\"@type\":\"WebSite\",\"@id\":\"https:\\\/\\\/excellenceserviceplace.com\\\/#website\",\"url\":\"https:\\\/\\\/excellenceserviceplace.com\\\/\",\"name\":\"Excellence Service Place\",\"description\":\"\",\"publisher\":{\"@id\":\"https:\\\/\\\/excellenceserviceplace.com\\\/#organization\"},\"potentialAction\":[{\"@type\":\"SearchAction\",\"target\":{\"@type\":\"EntryPoint\",\"urlTemplate\":\"https:\\\/\\\/excellenceserviceplace.com\\\/?s={search_term_string}\"},\"query-input\":{\"@type\":\"PropertyValueSpecification\",\"valueRequired\":true,\"valueName\":\"search_term_string\"}}],\"inLanguage\":\"fr-FR\"},{\"@type\":\"Organization\",\"@id\":\"https:\\\/\\\/excellenceserviceplace.com\\\/#organization\",\"name\":\"Excellence Service Place\",\"url\":\"https:\\\/\\\/excellenceserviceplace.com\\\/\",\"logo\":{\"@type\":\"ImageObject\",\"inLanguage\":\"fr-FR\",\"@id\":\"https:\\\/\\\/excellenceserviceplace.com\\\/#\\\/schema\\\/logo\\\/image\\\/\",\"url\":\"https:\\\/\\\/excellenceserviceplace.com\\\/wp-content\\\/uploads\\\/2024\\\/01\\\/cropped-cropped-ESP01-BLANC-e1709202149190-1.png\",\"contentUrl\":\"https:\\\/\\\/excellenceserviceplace.com\\\/wp-content\\\/uploads\\\/2024\\\/01\\\/cropped-cropped-ESP01-BLANC-e1709202149190-1.png\",\"width\":3816,\"height\":1123,\"caption\":\"Excellence Service Place\"},\"image\":{\"@id\":\"https:\\\/\\\/excellenceserviceplace.com\\\/#\\\/schema\\\/logo\\\/image\\\/\"}}]}<\/script>\n<!-- \/ Yoast SEO plugin. -->","yoast_head_json":{"title":"Commande - Excellence Service Place","robots":{"index":"index","follow":"follow","max-snippet":"max-snippet:-1","max-image-preview":"max-image-preview:large","max-video-preview":"max-video-preview:-1"},"canonical":"https:\/\/excellenceserviceplace.com\/fr\/checkout\/","og_locale":"fr_FR","og_type":"article","og_title":"Checkout - Excellence Service Place","og_url":"https:\/\/excellenceserviceplace.com\/fr\/checkout\/","og_site_name":"Excellence Service Place","article_modified_time":"2024-02-15T10:57:01+00:00","twitter_card":"summary_large_image","schema":{"@context":"https:\/\/schema.org","@graph":[{"@type":"WebPage","@id":"https:\/\/excellenceserviceplace.com\/checkout\/","url":"https:\/\/excellenceserviceplace.com\/checkout\/","name":"Commande - Excellence Service Place","isPartOf":{"@id":"https:\/\/excellenceserviceplace.com\/#website"},"datePublished":"2024-01-22T13:19:52+00:00","dateModified":"2024-02-15T10:57:01+00:00","breadcrumb":{"@id":"https:\/\/excellenceserviceplace.com\/checkout\/#breadcrumb"},"inLanguage":"fr-FR","potentialAction":[{"@type":"ReadAction","target":["https:\/\/excellenceserviceplace.com\/checkout\/"]}]},{"@type":"BreadcrumbList","@id":"https:\/\/excellenceserviceplace.com\/checkout\/#breadcrumb","itemListElement":[{"@type":"ListItem","position":1,"name":"Home","item":"https:\/\/excellenceserviceplace.com\/"},{"@type":"ListItem","position":2,"name":"Checkout"}]},{"@type":"WebSite","@id":"https:\/\/excellenceserviceplace.com\/#website","url":"https:\/\/excellenceserviceplace.com\/","name":"Excellence Service Place","description":"","publisher":{"@id":"https:\/\/excellenceserviceplace.com\/#organization"},"potentialAction":[{"@type":"SearchAction","target":{"@type":"EntryPoint","urlTemplate":"https:\/\/excellenceserviceplace.com\/?s={search_term_string}"},"query-input":{"@type":"PropertyValueSpecification","valueRequired":true,"valueName":"search_term_string"}}],"inLanguage":"fr-FR"},{"@type":"Organization","@id":"https:\/\/excellenceserviceplace.com\/#organization","name":"Excellence Service Place","url":"https:\/\/excellenceserviceplace.com\/","logo":{"@type":"ImageObject","inLanguage":"fr-FR","@id":"https:\/\/excellenceserviceplace.com\/#\/schema\/logo\/image\/","url":"https:\/\/excellenceserviceplace.com\/wp-content\/uploads\/2024\/01\/cropped-cropped-ESP01-BLANC-e1709202149190-1.png","contentUrl":"https:\/\/excellenceserviceplace.com\/wp-content\/uploads\/2024\/01\/cropped-cropped-ESP01-BLANC-e1709202149190-1.png","width":3816,"height":1123,"caption":"Excellence Service Place"},"image":{"@id":"https:\/\/excellenceserviceplace.com\/#\/schema\/logo\/image\/"}}]}},"_links":{"self":[{"href":"https:\/\/excellenceserviceplace.com\/fr\/wp-json\/wp\/v2\/pages\/1008","targetHints":{"allow":["GET"]}}],"collection":[{"href":"https:\/\/excellenceserviceplace.com\/fr\/wp-json\/wp\/v2\/pages"}],"about":[{"href":"https:\/\/excellenceserviceplace.com\/fr\/wp-json\/wp\/v2\/types\/page"}],"author":[{"embeddable":true,"href":"https:\/\/excellenceserviceplace.com\/fr\/wp-json\/wp\/v2\/users\/1"}],"replies":[{"embeddable":true,"href":"https:\/\/excellenceserviceplace.com\/fr\/wp-json\/wp\/v2\/comments?post=1008"}],"version-history":[{"count":1,"href":"https:\/\/excellenceserviceplace.com\/fr\/wp-json\/wp\/v2\/pages\/1008\/revisions"}],"predecessor-version":[{"id":1765,"href":"https:\/\/excellenceserviceplace.com\/fr\/wp-json\/wp\/v2\/pages\/1008\/revisions\/1765"}],"wp:attachment":[{"href":"https:\/\/excellenceserviceplace.com\/fr\/wp-json\/wp\/v2\/media?parent=1008"}],"curies":[{"name":"wp","href":"https:\/\/api.w.org\/{rel}","templated":true}]}}